{"id":1331,"date":"2017-02-13T08:30:06","date_gmt":"2017-02-13T08:30:06","guid":{"rendered":"http:\/\/www.hubat.si\/?page_id=1331"},"modified":"2019-03-15T08:19:04","modified_gmt":"2019-03-15T08:19:04","slug":"kvaliteta-in-okoljevarstvo","status":"publish","type":"page","link":"https:\/\/www.hubat.si\/de\/kvaliteta-in-okoljevarstvo\/","title":{"rendered":"Qualit\u00e4t und Umweltschutz"},"content":{"rendered":"<p>[vc_row][vc_column][vc_column_text]Als Familienunternehmen bestehen wir aus einem kleinem und flexiblem Team. Wir verfolgen die Technologische- und Qualit\u00e4tsentwicklung der Transport Dienstleistung mit hochtechnologisch ausgestatteten Tank-Lastkraftwagen. Mit regelm\u00e4\u00dfigen Schulungen der Fahrer, Fahrzeuginspektionen von erfahrenen Mechanikern und Tracking-Standards im Stra\u00dfenverkehr, bieten wir die h\u00f6chste Zuverl\u00e4ssigkeit und Genauigkeit des Dienstes. Unser Ziel ist es, unsere Position als zuverl\u00e4ssiger Logistik Unternehmen zu st\u00e4rken und eine aktive Partnerschaft mit den Kunden aufzubauen.<\/p>\n<p>Das Unternehmen hat sich verpflichtet, umweltfreundliche Logistikdienstleistungen zu realisieren. Alle Fahrzeuge erf\u00fcllen die europ\u00e4ischen Anforderungen von den zul\u00e4ssigen Grenzwerten f\u00fcr Abgase und L\u00e4rm, sodass alle unsere Fahrzeuge mit Euro 5EEV und Euro-6-Motoren ausgestattet sind. Weitere Reduzierungen der Emissionen werden durch die Verwendung von Biodiesel als Kraftstoff erreicht.<\/p>\n<p>Unkontrollierte Freisetzung von umweltgef\u00e4hrlichen Stoffen wird mit der Installation von Fettabscheidern auf den Parkpl\u00e4tzen und Pumpplattformen verhindert, die in \u00dcbereinstimmung mit den geltenden technischen Standards und Baunormen gebaut werden. Unsere Wasch-Plattform hat ein Absetzbecken und Fettabscheider um die Freisetzung von gef\u00e4hrlichen Stoffen in die Umwelt zu verhindern.[\/vc_column_text][\/vc_column][\/vc_row][vc_row css=&#8220;.vc_custom_1552637944710{margin-top: -100px !important;}&#8220;][vc_column][vc_gallery type=&#8220;image_grid&#8220; images=&#8220;2287,2290,2288,2291,2289,2292,2268&#8243;][\/vc_column][\/vc_row]<\/p>","protected":false},"excerpt":{"rendered":"<p>[vc_row][vc_column][vc_column_text]Als Familienunternehmen bestehen wir aus einem kleinem und flexiblem Team. Wir verfolgen die Technologische- und Qualit\u00e4tsentwicklung der Transport Dienstleistung mit hochtechnologisch ausgestatteten Tank-Lastkraftwagen. Mit regelm\u00e4\u00dfigen Schulungen der Fahrer, Fahrzeuginspektionen von erfahrenen Mechanikern und Tracking-Standards im Stra\u00dfenverkehr, bieten wir die h\u00f6chste Zuverl\u00e4ssigkeit und Genauigkeit des Dienstes. Unser Ziel ist es, unsere Position als zuverl\u00e4ssiger Logistik Unternehmen [&hellip;]<\/p>\n","protected":false},"author":1,"featured_media":0,"parent":0,"menu_order":0,"comment_status":"closed","ping_status":"closed","template":"page-templates\/template-fullwidth.php","meta":[],"_links":{"self":[{"href":"https:\/\/www.hubat.si\/de\/wp-json\/wp\/v2\/pages\/1331"}],"collection":[{"href":"https:\/\/www.hubat.si\/de\/wp-json\/wp\/v2\/pages"}],"about":[{"href":"https:\/\/www.hubat.si\/de\/wp-json\/wp\/v2\/types\/page"}],"author":[{"embeddable":true,"href":"https:\/\/www.hubat.si\/de\/wp-json\/wp\/v2\/users\/1"}],"replies":[{"embeddable":true,"href":"https:\/\/www.hubat.si\/de\/wp-json\/wp\/v2\/comments?post=1331"}],"version-history":[{"count":23,"href":"https:\/\/www.hubat.si\/de\/wp-json\/wp\/v2\/pages\/1331\/revisions"}],"predecessor-version":[{"id":2311,"href":"https:\/\/www.hubat.si\/de\/wp-json\/wp\/v2\/pages\/1331\/revisions\/2311"}],"wp:attachment":[{"href":"https:\/\/www.hubat.si\/de\/wp-json\/wp\/v2\/media?parent=1331"}],"curies":[{"name":"wp","href":"https:\/\/api.w.org\/{rel}","templated":true}]}}