{"id":1324,"date":"2017-02-13T08:25:58","date_gmt":"2017-02-13T08:25:58","guid":{"rendered":"http:\/\/www.hubat.si\/?page_id=1324"},"modified":"2020-07-02T08:38:25","modified_gmt":"2020-07-02T08:38:25","slug":"trgovina","status":"publish","type":"page","link":"https:\/\/www.hubat.si\/de\/trgovina\/","title":{"rendered":"Commerce"},"content":{"rendered":"<p>[vc_row][vc_column width=&#8220;1\/2&#8243;][vc_column_text]<strong>Handel mit \u00d6l, Diesel und Biodiesel<\/strong><\/p>\n<p>Die kommerzielle T\u00e4tigkeit des Unternehmens entwickelte sich im Jahr 1999 und hat sich schnell zu einem Transportunternehmen entwickelt, die eine Chance f\u00fcr die Marktdurchdringung darstellte. Mit dem Kauf des damaligen LKWs von meinem Vater und dem Gr\u00fcnder Peter Hubat, hat sich unser Familienunternehmen mit dem Treibstoffhandel entwickelt.<\/p>\n<p>Die Bedeutung der integrierten Dienstleistungen und der unabh\u00e4ngigen Versorgung unserer Kunden wurde durch den End-to-End Service erm\u00f6glicht &#8211; Einkauf, Transport zum Lager, Lagerung, Transport und Verkauf bis zum Endkunden. Der Schl\u00fcssel ist die Qualit\u00e4t, Zuverl\u00e4ssigkeit und g\u00fcnstige Lieferung von extra leichtem Heiz\u00f6l, Dieselkraftstoff und Biodiesel.<\/p>\n<p>Da unsere bisherigen Erfahrungen vorhersagen, dass f\u00fcr den Kunden die Qualit\u00e4t und der Preis am wichtigsten sind, kaufen wir Waren von renommierten Zulieferern wie Petrol und OMV. Wir bem\u00fchen uns auch st\u00e4ndig, die Zahlungsbedingungen anzupassen, um die Kosteneffizienz und die Wettbewerbsf\u00e4higkeit auf dem Markt zu unterst\u00fctzen.[\/vc_column_text][\/vc_column][vc_column width=&#8220;1\/2&#8243;][vc_single_image image=&#8220;2814&#8243; img_size=&#8220;full&#8220;][\/vc_column][\/vc_row]<\/p>","protected":false},"excerpt":{"rendered":"<p>[vc_row][vc_column width=&#8220;1\/2&#8243;][vc_column_text]Handel mit \u00d6l, Diesel und Biodiesel Die kommerzielle T\u00e4tigkeit des Unternehmens entwickelte sich im Jahr 1999 und hat sich schnell zu einem Transportunternehmen entwickelt, die eine Chance f\u00fcr die Marktdurchdringung darstellte. Mit dem Kauf des damaligen LKWs von meinem Vater und dem Gr\u00fcnder Peter Hubat, hat sich unser Familienunternehmen mit dem Treibstoffhandel entwickelt. Die [&hellip;]<\/p>\n","protected":false},"author":1,"featured_media":0,"parent":0,"menu_order":0,"comment_status":"closed","ping_status":"closed","template":"page-templates\/template-fullwidth.php","meta":[],"_links":{"self":[{"href":"https:\/\/www.hubat.si\/de\/wp-json\/wp\/v2\/pages\/1324"}],"collection":[{"href":"https:\/\/www.hubat.si\/de\/wp-json\/wp\/v2\/pages"}],"about":[{"href":"https:\/\/www.hubat.si\/de\/wp-json\/wp\/v2\/types\/page"}],"author":[{"embeddable":true,"href":"https:\/\/www.hubat.si\/de\/wp-json\/wp\/v2\/users\/1"}],"replies":[{"embeddable":true,"href":"https:\/\/www.hubat.si\/de\/wp-json\/wp\/v2\/comments?post=1324"}],"version-history":[{"count":10,"href":"https:\/\/www.hubat.si\/de\/wp-json\/wp\/v2\/pages\/1324\/revisions"}],"predecessor-version":[{"id":2875,"href":"https:\/\/www.hubat.si\/de\/wp-json\/wp\/v2\/pages\/1324\/revisions\/2875"}],"wp:attachment":[{"href":"https:\/\/www.hubat.si\/de\/wp-json\/wp\/v2\/media?parent=1324"}],"curies":[{"name":"wp","href":"https:\/\/api.w.org\/{rel}","templated":true}]}}