{"id":1319,"date":"2017-02-13T08:23:23","date_gmt":"2017-02-13T08:23:23","guid":{"rendered":"http:\/\/www.hubat.si\/?page_id=1319"},"modified":"2021-05-04T08:56:30","modified_gmt":"2021-05-04T08:56:30","slug":"vozni-park","status":"publish","type":"page","link":"https:\/\/www.hubat.si\/de\/vozni-park\/","title":{"rendered":"Fuhrpark"},"content":{"rendered":"<p>[vc_row css=&#8220;.vc_custom_1489756011312{margin-bottom: -70px !important;}&#8220;][vc_column width=&#8220;1\/2&#8243;][vc_single_image image=&#8220;2258&#8243; img_size=&#8220;full&#8220;][vc_empty_space height=&#8220;22px&#8220;]\n\t<div class=\"testimonial-item\">\n\t\t    \t<div class=\"avatar\">\n    \t\t<img src=\"https:\/\/www.hubat.si\/wp-content\/uploads\/2017\/02\/logo-h.png\" class=\"img-responsive\" alt=\"\">\n    \t<\/div>\n    \t    \t\n    \t<blockquote>\n\t\t  <span class=\"quote-square bg-theme\"><i class=\"fa fa-quote-right\" aria-hidden=\"true\"><\/i>\n\t\t  \t\t<span class=\"arrow-down-l-2 border-color-theme\"><\/span>\n\t\t  <\/span>\n\t\t  Das Unternehmen verf\u00fcgt 40 oderne LKWs von\u00a0Mercedes Benz und MAN und 45\u00a0<strong>Anh\u00e4nger<\/strong> von Schwarzm\u00fcller und Magyar. Die Fahrzeuge sind Euro-6 Normen gepr\u00e4gt, die die neuesten umweltfreundlichen Technologien integrieren und die gem\u00e4\u00df den erforderlichen <strong>ADR <\/strong>Vorschriften\u00a0<strong>ausgestattet sind, tankaufliger L4BH und LGBF<\/strong>.\t\t  <footer>Der Fuhrpark<\/footer>\n\t\t<\/blockquote>\n    <\/div>\n\n[\/vc_column][vc_column width=&#8220;1\/2&#8243;][vc_single_image image=&#8220;2811&#8243; img_size=&#8220;full&#8220;][vc_empty_space height=&#8220;22px&#8220;]\n\t<div class=\"testimonial-item\">\n\t\t    \t<div class=\"avatar\">\n    \t\t<img src=\"https:\/\/www.hubat.si\/wp-content\/uploads\/2017\/02\/adr-sign.png\" class=\"img-responsive\" alt=\"\">\n    \t<\/div>\n    \t    \t\n    \t<blockquote>\n\t\t  <span class=\"quote-square bg-theme\"><i class=\"fa fa-quote-right\" aria-hidden=\"true\"><\/i>\n\t\t  \t\t<span class=\"arrow-down-l-2 border-color-theme\"><\/span>\n\t\t  <\/span>\n\t\t  Wir bieten einen LKW Tanktransport durch ganz Europa an: haupts\u00e4chlich Nord und Mittel Europa, sowie auch in ex-Jugoslawischen L\u00e4ndern, wie Kroatien, Bosnien und Serbien.<\/p>\n<p>Das Unternehmen transportiert haupts\u00e4chlich brennbare Fl\u00fcssigkeiten, die als Brennstoff oder Additive f\u00fcr Kraftstoffe benutzt werden, sowie Chemikalien, die als Rohstoffe f\u00fcr die Produkte in der Chemischen Industrie dienen.\t\t  <footer>ADR-Transport von gef\u00e4hrlichen Stoffe mit Tank-LKWs<\/footer>\n\t\t<\/blockquote>\n    <\/div>\n\n[\/vc_column][\/vc_row][vc_row][vc_column][vc_custom_heading text=&#8220;INTERNATIONALER TRANSPORT VON BRENNBAREN FL\u00dcSSIGKEITEN&#8220; use_theme_fonts=&#8220;yes&#8220;][vc_gallery type=&#8220;image_grid&#8220; images=&#8220;2276,2831,2274,2278,2279,2832,1919,2836,1894,1931,2853,2267,1893,1930,1882,2263,2854,2265,2268,2266,2834,2280,1901,2835,2833,2830,2851,2852&#8243; img_size=&#8220;165&#215;110&#8243;][\/vc_column][\/vc_row][vc_row css=&#8220;.vc_custom_1490777030809{margin-top: -100px !important;}&#8220;][vc_column width=&#8220;5\/6&#8243;][vc_custom_heading text=&#8220;INTERNATIONALER CHEMIKALIENTRANSPORT&#8220; use_theme_fonts=&#8220;yes&#8220;][vc_gallery type=&#8220;image_grid&#8220; images=&#8220;1972,2847,1976,1974,2848&#8243; img_size=&#8220;165&#215;110&#8243;][vc_empty_space][vc_custom_heading text=&#8220;KRAFTSTOFFLIEFERUNG&#8220; use_theme_fonts=&#8220;yes&#8220;][vc_gallery type=&#8220;image_grid&#8220; images=&#8220;1967,2841,1382,2845,1966,2840,2842,2844,2268,1965&#8243; img_size=&#8220;165&#215;110&#8243;][vc_empty_space][vc_custom_heading text=&#8220;TRANSPORT VON BITUMEN UND SCHWER\u00d6LE&#8220; use_theme_fonts=&#8220;yes&#8220;][vc_gallery type=&#8220;image_grid&#8220; images=&#8220;2818&#8243; img_size=&#8220;165&#215;110&#8243;][\/vc_column][vc_column width=&#8220;1\/6&#8243;][\/vc_column][\/vc_row]<\/p>","protected":false},"excerpt":{"rendered":"<p>[vc_row css=&#8220;.vc_custom_1489756011312{margin-bottom: -70px !important;}&#8220;][vc_column width=&#8220;1\/2&#8243;][vc_single_image image=&#8220;2258&#8243; img_size=&#8220;full&#8220;][vc_empty_space height=&#8220;22px&#8220;][\/vc_column][vc_column width=&#8220;1\/2&#8243;][vc_single_image image=&#8220;2811&#8243; img_size=&#8220;full&#8220;][vc_empty_space height=&#8220;22px&#8220;][\/vc_column][\/vc_row][vc_row][vc_column][vc_custom_heading text=&#8220;INTERNATIONALER TRANSPORT VON BRENNBAREN FL\u00dcSSIGKEITEN&#8220; use_theme_fonts=&#8220;yes&#8220;][vc_gallery type=&#8220;image_grid&#8220; images=&#8220;2276,2831,2274,2278,2279,2832,1919,2836,1894,1931,2853,2267,1893,1930,1882,2263,2854,2265,2268,2266,2834,2280,1901,2835,2833,2830,2851,2852&#8243; img_size=&#8220;165&#215;110&#8243;][\/vc_column][\/vc_row][vc_row css=&#8220;.vc_custom_1490777030809{margin-top: -100px !important;}&#8220;][vc_column width=&#8220;5\/6&#8243;][vc_custom_heading text=&#8220;INTERNATIONALER CHEMIKALIENTRANSPORT&#8220; use_theme_fonts=&#8220;yes&#8220;][vc_gallery type=&#8220;image_grid&#8220; images=&#8220;1972,2847,1976,1974,2848&#8243; img_size=&#8220;165&#215;110&#8243;][vc_empty_space][vc_custom_heading text=&#8220;KRAFTSTOFFLIEFERUNG&#8220; use_theme_fonts=&#8220;yes&#8220;][vc_gallery type=&#8220;image_grid&#8220; images=&#8220;1967,2841,1382,2845,1966,2840,2842,2844,2268,1965&#8243; img_size=&#8220;165&#215;110&#8243;][vc_empty_space][vc_custom_heading text=&#8220;TRANSPORT VON BITUMEN UND SCHWER\u00d6LE&#8220; use_theme_fonts=&#8220;yes&#8220;][vc_gallery type=&#8220;image_grid&#8220; images=&#8220;2818&#8243; img_size=&#8220;165&#215;110&#8243;][\/vc_column][vc_column width=&#8220;1\/6&#8243;][\/vc_column][\/vc_row]<\/p>\n","protected":false},"author":1,"featured_media":0,"parent":0,"menu_order":0,"comment_status":"closed","ping_status":"closed","template":"page-templates\/template-fullwidth.php","meta":[],"_links":{"self":[{"href":"https:\/\/www.hubat.si\/de\/wp-json\/wp\/v2\/pages\/1319"}],"collection":[{"href":"https:\/\/www.hubat.si\/de\/wp-json\/wp\/v2\/pages"}],"about":[{"href":"https:\/\/www.hubat.si\/de\/wp-json\/wp\/v2\/types\/page"}],"author":[{"embeddable":true,"href":"https:\/\/www.hubat.si\/de\/wp-json\/wp\/v2\/users\/1"}],"replies":[{"embeddable":true,"href":"https:\/\/www.hubat.si\/de\/wp-json\/wp\/v2\/comments?post=1319"}],"version-history":[{"count":160,"href":"https:\/\/www.hubat.si\/de\/wp-json\/wp\/v2\/pages\/1319\/revisions"}],"predecessor-version":[{"id":3045,"href":"https:\/\/www.hubat.si\/de\/wp-json\/wp\/v2\/pages\/1319\/revisions\/3045"}],"wp:attachment":[{"href":"https:\/\/www.hubat.si\/de\/wp-json\/wp\/v2\/media?parent=1319"}],"curies":[{"name":"wp","href":"https:\/\/api.w.org\/{rel}","templated":true}]}}