{"id":1313,"date":"2017-02-13T08:18:05","date_gmt":"2017-02-13T08:18:05","guid":{"rendered":"http:\/\/www.hubat.si\/?page_id=1313"},"modified":"2020-07-02T08:44:02","modified_gmt":"2020-07-02T08:44:02","slug":"transport","status":"publish","type":"page","link":"https:\/\/www.hubat.si\/de\/transport\/","title":{"rendered":"Transport"},"content":{"rendered":"<p>[vc_row][vc_column][vc_custom_heading text=&#8220;INTERNATIONALER UND NATIONALER TRANSPORT VON FL\u00dcSSIGKEITEN&#8220; use_theme_fonts=&#8220;yes&#8220;][vc_column_text]<strong>ADR-Tanktransport von gef\u00e4hrlichen Stoffen<\/strong><\/p>\n<p>Wir bieten einen LKW Tanktransport durch ganz Europa an: haupts\u00e4chlich Nord und Mittel Europa, sowie auch in ex-Jugoslawischen L\u00e4ndern, wie Kroatien, Bosnien und Serbien. Das Unternehmen transportiert haupts\u00e4chlich brennbare Fl\u00fcssigkeiten, die als Brennstoff oder Additive f\u00fcr Kraftstoffe benutzt werden, sowie Chemikalien, die als Rohstoffe f\u00fcr die Produkte in der Chemischen Industrie dienen. <span lang=\"de\">Wir transportieren auch Bitumen und Schwer\u00f6le.<\/span><\/p>\n<p class=\"tw-data-text tw-text-large XcVN5d tw-ta\" dir=\"ltr\" data-placeholder=\"Prevod\"><span lang=\"de\"><strong>Werkstatt<\/strong><\/span><\/p>\n<p>Unsere eigene Werkstatt und ein Servicefahrzeug f\u00fcr die Assistenz auf der Stra\u00dfe erm\u00f6glichen uns schnelle und qualitative Reparaturen. Dadurch wird eine h\u00f6here Effizienz und Zuverl\u00e4ssigkeit unseres Fuhrparks gesichert.<\/p>\n<p><strong>LKW-Waschanlage<\/strong><\/p>\n<p>In unserer eigenen Waschanlage k\u00fcmmern wir uns um die Sauberkeit von Fahrzeugen und das Innere des Tanks. Beim Waschen verwenden wir einen Hochdruckreiniger und einen Rotationskopf mit Hochdruckd\u00fcsen.[\/vc_column_text][vc_empty_space height=&#8220;22px&#8220;][vc_gallery type=&#8220;image_grid&#8220; images=&#8220;1388,1389,1390,1391,1393,1397,1919,1398,1399,1401,1402,1903,1404,1405&#8243; img_size=&#8220;165&#215;110&#8243;][\/vc_column][\/vc_row]<\/p>","protected":false},"excerpt":{"rendered":"<p>[vc_row][vc_column][vc_custom_heading text=&#8220;INTERNATIONALER UND NATIONALER TRANSPORT VON FL\u00dcSSIGKEITEN&#8220; use_theme_fonts=&#8220;yes&#8220;][vc_column_text]ADR-Tanktransport von gef\u00e4hrlichen Stoffen Wir bieten einen LKW Tanktransport durch ganz Europa an: haupts\u00e4chlich Nord und Mittel Europa, sowie auch in ex-Jugoslawischen L\u00e4ndern, wie Kroatien, Bosnien und Serbien. Das Unternehmen transportiert haupts\u00e4chlich brennbare Fl\u00fcssigkeiten, die als Brennstoff oder Additive f\u00fcr Kraftstoffe benutzt werden, sowie Chemikalien, die als Rohstoffe [&hellip;]<\/p>\n","protected":false},"author":1,"featured_media":0,"parent":0,"menu_order":0,"comment_status":"closed","ping_status":"closed","template":"page-templates\/template-fullwidth.php","meta":[],"_links":{"self":[{"href":"https:\/\/www.hubat.si\/de\/wp-json\/wp\/v2\/pages\/1313"}],"collection":[{"href":"https:\/\/www.hubat.si\/de\/wp-json\/wp\/v2\/pages"}],"about":[{"href":"https:\/\/www.hubat.si\/de\/wp-json\/wp\/v2\/types\/page"}],"author":[{"embeddable":true,"href":"https:\/\/www.hubat.si\/de\/wp-json\/wp\/v2\/users\/1"}],"replies":[{"embeddable":true,"href":"https:\/\/www.hubat.si\/de\/wp-json\/wp\/v2\/comments?post=1313"}],"version-history":[{"count":29,"href":"https:\/\/www.hubat.si\/de\/wp-json\/wp\/v2\/pages\/1313\/revisions"}],"predecessor-version":[{"id":2880,"href":"https:\/\/www.hubat.si\/de\/wp-json\/wp\/v2\/pages\/1313\/revisions\/2880"}],"wp:attachment":[{"href":"https:\/\/www.hubat.si\/de\/wp-json\/wp\/v2\/media?parent=1313"}],"curies":[{"name":"wp","href":"https:\/\/api.w.org\/{rel}","templated":true}]}}