{"id":1271,"date":"2017-02-09T19:14:33","date_gmt":"2017-02-09T19:14:33","guid":{"rendered":"http:\/\/www.hubat.si\/?page_id=1271"},"modified":"2026-04-14T06:14:02","modified_gmt":"2026-04-14T06:14:02","slug":"kurilno-olje","status":"publish","type":"page","link":"https:\/\/www.hubat.si\/de\/kurilno-olje\/","title":{"rendered":"Heiz\u00f6l"},"content":{"rendered":"<p><\/p>\n<p>[vc_row][vc_column width=&#8220;2\/3&#8243;][vc_empty_space][vc_empty_space height=&#8220;16px&#8220;][vc_custom_heading text=&#8220;Za toplo zimo in pomlad, KURILNO OLJE dostavlja HUBAT! \u017dE 30 let!&#8220; font_container=&#8220;tag:h4|text_align:center&#8220; use_theme_fonts=&#8220;yes&#8220; css_animation=&#8220;bounceInDown&#8220;][vc_empty_space height=&#8220;16px&#8220;][vc_custom_heading text=&#8220;Pla\u010dilo z GOTOVINO&#8220; font_container=&#8220;tag:h3|text_align:left&#8220; use_theme_fonts=&#8220;yes&#8220;][vc_row_inner][vc_column_inner width=&#8220;1\/3&#8243; css=&#8220;.vc_custom_1486724917305{padding-right: 0px !important;padding-left: 0px !important;}&#8220;]\n\t\t\t<div class=\"pricing-tables-group-item  fborder\">\n\t      \t<p class=\"title\">300 - 999 L<\/p>\n\t      \t<p class=\"price\">Cena: 1,165\u20ac\/lit<\/p>\n\t      \t<p class=\"desc\">PREVOZ: 30\u20ac<\/p>\n\t      \t<div class=\"details\">\n\t         \t<!--more--><!--more-->\t      \t<\/div>\n\t      \t<p class=\"buy\">\n\t      \t\t<a class=\"ot-btn btn-main-color btn-rounded bg-theme text-up white-text\" href=\"tel:080 22 36\" target=\"_self\">POKLI\u010cI 080 22 36<\/a>\t     \t<\/p>\n\t   \t<\/div>\n\t\n[\/vc_column_inner][vc_column_inner width=&#8220;1\/3&#8243; css=&#8220;.vc_custom_1486724974149{padding-right: 0px !important;padding-left: 0px !important;}&#8220;]\n\t\t\t<div class=\"pricing-tables-group-item  \">\n\t      \t<p class=\"title\">1000 - 1999 L<\/p>\n\t      \t<p class=\"price\">Cena: 1,165\u20ac\/lit<\/p>\n\t      \t<p class=\"desc\">PREVOZ: 0,030 \u20ac\/lit<\/p>\n\t      \t<div class=\"details\">\n\t         \t<strong>SKUPAJ 1,195 \u20ac\/lit<\/strong>\t      \t<\/div>\n\t      \t<p class=\"buy\">\n\t      \t\t\t     \t<\/p>\n\t   \t<\/div>\n\t\n[\/vc_column_inner][vc_column_inner width=&#8220;1\/3&#8243; css=&#8220;.vc_custom_1486724986684{padding-right: 0px !important;padding-left: 0px !important;}&#8220;]\n\t\t\t<div class=\"pricing-tables-group-item featured \">\n\t      \t<p class=\"title\">2000 - 4999 L<\/p>\n\t      \t<p class=\"price\">Cena: 1,163\u20ac\/lit<\/p>\n\t      \t<p class=\"desc\">PREVOZ: 0,030 \u20ac\/lit<\/p>\n\t      \t<div class=\"details\">\n\t         \t<strong>SKUPAJ 1,193\u20ac\/lit<\/strong><!--more-->\t      \t<\/div>\n\t      \t<p class=\"buy\">\n\t      \t\t\t     \t<\/p>\n\t   \t<\/div>\n\t\n[\/vc_column_inner][\/vc_row_inner][vc_custom_heading text=&#8220;Pla\u010dilo s KREDITNO, DEBETNO KARTICO ali LeanPAY&#8220; font_container=&#8220;tag:h3|text_align:left&#8220; use_theme_fonts=&#8220;yes&#8220;][vc_row_inner][vc_column_inner width=&#8220;1\/3&#8243; css=&#8220;.vc_custom_1486724917305{padding-right: 0px !important;padding-left: 0px !important;}&#8220;]\n\t\t\t<div class=\"pricing-tables-group-item  fborder\">\n\t      \t<p class=\"title\">300 - 999 L<\/p>\n\t      \t<p class=\"price\">Cena: 1,165\u20ac\/lit<\/p>\n\t      \t<p class=\"desc\">PREVOZ: 50\u20ac<\/p>\n\t      \t<div class=\"details\">\n\t         \t\t      \t<\/div>\n\t      \t<p class=\"buy\">\n\t      \t\t<a class=\"ot-btn btn-main-color btn-rounded bg-theme text-up white-text\" href=\"tel:080 22 36\" target=\"_self\">POKLI\u010cI 080 22 36<\/a>\t     \t<\/p>\n\t   \t<\/div>\n\t\n[\/vc_column_inner][vc_column_inner width=&#8220;1\/3&#8243; css=&#8220;.vc_custom_1486724974149{padding-right: 0px !important;padding-left: 0px !important;}&#8220;]\n\t\t\t<div class=\"pricing-tables-group-item  \">\n\t      \t<p class=\"title\">1000 - 1999 L<\/p>\n\t      \t<p class=\"price\">Cena: 1,165\u20ac\/lit<\/p>\n\t      \t<p class=\"desc\">PREVOZ: 0,050 \u20ac\/lit<\/p>\n\t      \t<div class=\"details\">\n\t         \t<strong>SKUPAJ 1,215\u20ac\/lit<\/strong>\t      \t<\/div>\n\t      \t<p class=\"buy\">\n\t      \t\t\t     \t<\/p>\n\t   \t<\/div>\n\t\n[\/vc_column_inner][vc_column_inner width=&#8220;1\/3&#8243; css=&#8220;.vc_custom_1486724986684{padding-right: 0px !important;padding-left: 0px !important;}&#8220;]\n\t\t\t<div class=\"pricing-tables-group-item featured \">\n\t      \t<p class=\"title\">2000 - 4999 L<\/p>\n\t      \t<p class=\"price\">Cena: 1,163 \u20ac\/lit<\/p>\n\t      \t<p class=\"desc\">PREVOZ: 0,050 \u20ac\/lit<\/p>\n\t      \t<div class=\"details\">\n\t         \t<strong> SKUPAJ 1,213\/lit<\/strong>\t      \t<\/div>\n\t      \t<p class=\"buy\">\n\t      \t\t\t     \t<\/p>\n\t   \t<\/div>\n\t\n[\/vc_column_inner][\/vc_row_inner][vc_empty_space height=&#8220;Ostalo&#8220;][vc_column_text]Delni stro\u0161ki obro\u010dnega odpla\u010devanja so 0,5% za vsak obrok<\/p>\n<p>AdBlue 0,50 \u20ac\/lit<\/p>\n<p>Dizel 1,523 \u20ac\/lit<\/p>\n<p>Cenik velja od 27.02.2024<\/p>\n<p>Dostava na gorenjsko regijo (torek in \u010detrtek)<\/p>\n<p>Prevoz nad 25 km, 1,20\u20ac za vsak prevo\u017een kilometer![\/vc_column_text][vc_empty_space][vc_empty_space height=&#8220;16px&#8220;][vc_separator][vc_column_text]<div  paperform-id='eyw4wrra'><\/div>[\/vc_column_text][\/vc_column][vc_column width=&#8220;1\/3&#8243;][vc_custom_heading text=&#8220;Informacije in vpra\u0161anja&#8220; font_container=&#8220;tag:h3|text_align:left&#8220; use_theme_fonts=&#8220;yes&#8220;][vc_tta_accordion][vc_tta_section title=&#8220;Stro\u0161ki pla\u010dilnega instrumenta?&#8220; tab_id=&#8220;1486668096582-ba37f437-a6c9&#8243;][vc_column_text]Skladno s 27.b \u010dlenom ZVPot-F, <a href=\"http:\/\/www.uradni-list.si\/1\/content?id=117564\" target=\"_blank\" rel=\"noopener noreferrer\">Uradni list RS \u0161t. 38\/2014,<\/a>\u00a0smo z letom 2015 spremenili cenik in lo\u010dili stro\u0161ke pla\u010dilnega instrumenta tako, da so ti vidni na ceniku in ra\u010dunu stranke ob nakupu goriva. Stro\u0161ki se zara\u010dunavajo samo za\u00a0obro\u010dno pla\u010devanje.\u00a0Vi\u0161ina stro\u0161kov je odvisna od zneska nakupa in \u0161tevila obrokov.[\/vc_column_text][\/vc_tta_section][vc_tta_section title=&#8220;Kako lahko pla\u010dam na ve\u010d obrokov?&#8220; tab_id=&#8220;1486668096614-0aa72d92-0ff9&#8243;][vc_column_text]Po desetih letih smo bili s 1. decembrom 2012 prisiljeni ukiniti pla\u010devanje kurilnega olja na obroke preko trajnika.<\/p>\n<p>Namesto te mo\u017enosti lahko po novem kurilno olje pla\u010date na 2-12 obrokov. Za pla\u010dilo potrebujete\u00a0 izmed KREDITNIH kartic NLB (Karanta, Eurocard-Mastercard ali Visa), ter <a href=\"https:\/\/www.dinersclub.si\/si\">Diners<\/a> kartico ali American express. Na kartici potrebujete razpolo\u017eljiv limit v vi\u0161ini <strong>celotnega<\/strong> nakupa, zato se je o tem pametno prej pozanimati pri izdajatelju kartice, poleg tega pa morate seveda poznati va\u0161o PIN kodo.\u00a0Voznik\u00a0Vam ob dostavi najprej preko prenosnega terminala obremeni Va\u0161o kartico za celoten znesek, vnesel bo \u017eeleno \u0161tevilo obrokov in \u010de je transakcija uspe\u0161na, Vam nato\u010di gorivo.<\/p>\n<p>V letu 2023 smo\u00a0 uvedli dodatno mo\u017enost obro\u010dnega pla\u010devanja preko <a href=\"https:\/\/www.leanpay.si\/\">LeanPay<\/a><br \/>\nMo\u017enost je za obstoje\u010de iporabnike LeanPay-a zelo enostavna, za uporabnike, ki storitev uporabljajo prvi\u010d, pa je potrebna osebna avtorizacija na enem od prodajnih mest ali na sde\u017eu na\u0161ega podjetja.<\/p>\n<p>&nbsp;[\/vc_column_text][\/vc_tta_section][vc_tta_section title=&#8220;Zakaj se prevoz sedaj pla\u010duje, \u0161e pred \u010dasom pa je bil prevoz brezpla\u010den?&#8220; tab_id=&#8220;1486723694825-82d2e26e-7737&#8243;][vc_column_text]S 13. septembrom 2022 je v veljavo pre\u0161la odredba vlade RS, da se cene naftnih derivatov oblikujejo vsakih 14 dni. Ker trgovci v skladu s to uredbo cen, ne smemo presegati dolo\u010dene cene, moramo stro\u0161ke prevoz lo\u010diti od cene goriva. Seveda je razumljivo, da tudi pred tem \u010dasom nih\u010de ni prevozov opravljal zastonj, razlika je v tem, da je bil prevoz pred to uredbo zajet v ceni goriva, sedaj pa je na ra\u010dunu naveden lo\u010deno.[\/vc_column_text][\/vc_tta_section][vc_tta_section title=&#8220;Katera cena je potem prava?&#8220; tab_id=&#8220;1486723744986-87ba7991-1746&#8243;][vc_column_text]Prava cena je se\u0161tevek blaga in storitev, to ceno vam bomo tudi ob poizvedovanju posredovali. Za primerjavo z drugimi dobavitelji, pa morate sami se\u0161teti ceno goriva in prevoza. Cena obojega pa je odvisna od na\u010dina pla\u010dila in koli\u010dine. Obi\u010dajno velja da se ne izpla\u010da naro\u010dati koli\u010din manj\u0161ih od 1.000 litrov in da je gotovina najugodnej\u0161e pla\u010dilno sredstvo.<\/p>\n<p>V letu 2023 smo\u00a0 uvedli dodatno mo\u017enost obro\u010dnega pla\u010devanja preko <a href=\"https:\/\/www.leanpay.si\/\">LeanPay<\/a><br \/>\nMo\u017enost je za obstoje\u010de iporabnike LeanPay-a zelo enostavna, za uporabnike, ki storitev uporabljajo prvi\u010d, pa je potrebna osebna avtorizacija na enem od prodajnih mest ali na sde\u017eu na\u0161ega podjetja.[\/vc_column_text][\/vc_tta_section][vc_tta_section title=&#8220;Kako lahko pla\u010dam na obroke, \u010de NIMAM kreditne kartice?&#8220; tab_id=&#8220;1486723795516-41532e01-2688&#8243;][vc_column_text]Na\u010deloma je kreditna kartica tista, ki Vam bo konstantno omogo\u010dala KREDITIRANJE Va\u0161ih nakupov, zato je pametno da si jo priskrbite. NLB omogo\u010da pridobitev kreditnih kartic tudi osebam, ki NISO njihovi komitenti, zato je ta mo\u017enost omogo\u010dena res prav vsem. \u010ce kljub temu ne \u017eelite imeti kreditne kartice, si lahko preko povezanega posla pri NLB uredite pla\u010devanje v obrokih. Obrestno mero Vam na\u0161e podjetje subvencionira zato so stro\u0161ki minimalni. Postopek je hiter in enostaven. Pri nas si naro\u010dite predra\u010dun za \u017eeljeno koli\u010dino in se z njim oglasite v najbli\u017eji poslovalnici NLB, kjer si uredite kredit.[\/vc_column_text][\/vc_tta_section][vc_tta_section title=&#8220;Kaj pa kakovost?&#8220; tab_id=&#8220;1554296191219-ca010a2c-6e8e&#8220;][vc_column_text]V Sloveniji se kakovost kurilnega olja dolo\u010da s\u00a0standardom SIST 1011. Ta predpisuje mejne vrednosti\u00a0Ekstra lahkega kurilnega olja (EL-KO), ki zagotavljajo normalno delovanje ogrevalnega kotla. Vsa goriva\u00a0v skladu s predpisi redno vzor\u010di in po\u0161ilja na analizo zunanje podjetje SGS Slovenija. Tak pristop k preverjanju zagotavlja visoko to\u010dnost in nepristranskost rezultatov, zato lahko na\u0161im kupcem pri vsaki dobavi zagotovimo izredno kakovostno kurilno olje. Povzetek poro\u010dila o kakovosti kurilnega olja imate obi\u010dajno natisnjen\u00a0na hrbtni strani dobavnice. Primer pa si lahko ogledate tudi\u00a0<a href=\"http:\/\/www.hubat.si\/wp-content\/uploads\/2017\/02\/porocilo-kakovovosti.pdf\" target=\"_blank\" rel=\"noopener noreferrer\">tukaj<\/a>![\/vc_column_text][\/vc_tta_section][\/vc_tta_accordion]\n\t\t    <div class=\"iconbox iconbox-set-1\">\n\t\t\t<div class=\"icon-1\">\n\t\t\t\t<i class=\"fa fa-info-circle color-theme\" aria-hidden=\"true\"><\/i>\n\t\t\t<\/div>\n\t\t\t<h4 class=\"text-up\">DOSEDANJE IZKU\u0160NJE<\/h4>\n\t\t\t<p>Iz dosedanjih izku\u0161enj smo se predvsem nau\u010dili, da sta za kupca najpomembnej\u0161a kvaliteta in cena, zato blago kupujemo samo pri priznanih dobaviteljih kot sta PETROL in OMV, ceno in pla\u010dilne pogoje pa posku\u0161amo prilagajati tako, da so za kupca ugodni.<\/p>\t\t\t\t\t<\/div>\n\t    \t\n[\/vc_column][\/vc_row]<\/p>\n<p><\/p>","protected":false},"excerpt":{"rendered":"<p>Leider ist der Eintrag nur auf Slowenisch verf\u00fcgbar.<\/p>\n","protected":false},"author":1,"featured_media":0,"parent":0,"menu_order":0,"comment_status":"closed","ping_status":"closed","template":"page-templates\/template-fullwidth.php","meta":[],"_links":{"self":[{"href":"https:\/\/www.hubat.si\/de\/wp-json\/wp\/v2\/pages\/1271"}],"collection":[{"href":"https:\/\/www.hubat.si\/de\/wp-json\/wp\/v2\/pages"}],"about":[{"href":"https:\/\/www.hubat.si\/de\/wp-json\/wp\/v2\/types\/page"}],"author":[{"embeddable":true,"href":"https:\/\/www.hubat.si\/de\/wp-json\/wp\/v2\/users\/1"}],"replies":[{"embeddable":true,"href":"https:\/\/www.hubat.si\/de\/wp-json\/wp\/v2\/comments?post=1271"}],"version-history":[{"count":385,"href":"https:\/\/www.hubat.si\/de\/wp-json\/wp\/v2\/pages\/1271\/revisions"}],"predecessor-version":[{"id":5437,"href":"https:\/\/www.hubat.si\/de\/wp-json\/wp\/v2\/pages\/1271\/revisions\/5437"}],"wp:attachment":[{"href":"https:\/\/www.hubat.si\/de\/wp-json\/wp\/v2\/media?parent=1271"}],"curies":[{"name":"wp","href":"https:\/\/api.w.org\/{rel}","templated":true}]}}