{"id":1265,"date":"2017-02-09T19:08:18","date_gmt":"2017-02-09T19:08:18","guid":{"rendered":"http:\/\/www.hubat.si\/?page_id=1265"},"modified":"2025-10-07T07:34:44","modified_gmt":"2025-10-07T07:34:44","slug":"domov","status":"publish","type":"page","link":"https:\/\/www.hubat.si\/de\/","title":{"rendered":"Home"},"content":{"rendered":"<p>[vc_row fullwidth=\u201cyes\u201c css=\u201c.vc_custom_1477026057622{padding-top: 0px !important;padding-bottom: 0px !important;}\u201c][vc_column][layerslider_vc id=\u201c5\u2033][\/vc_column][\/vc_row][vc_row css=\u201c.vc_custom_1476342544923{background-color: #f2f2f2 !important;}\u201c][vc_column][vc_custom_heading text=\u201cWillkommen\u201c font_container=\u201ctag:h3|text_align:left\u201c use_theme_fonts=\u201cyes\u201c css=\u201c.vc_custom_1539172050896{margin-bottom: 30px !important;}\u201c][vc_column_text css=\u201c.vc_custom_1547648402274{margin-bottom: 30px !important;}\u201c]Wir sind ein Transport- und Logistikunternehmen mit mehr als 25 Jahren Erfahrung. Wir bieten einen LKW Tanktransport durch ganz Europa an: haupts\u00e4chlich Nord und Mittel Europa, sowie auch in ex-Jugoslawischen L\u00e4ndern, wie Kroatien, Bosnien und Serbien. Alle Fahrzeuge sind mit Tracking und Tracing ausgestattet, deswegen k\u00f6nnen die Navigationsger\u00e4te jederzeit die Position des Fahrzeuges bestimmen. Unser Fuhrpark besteht aus 30 Tank Lastkraftwagen, die mit Bezeichnung LGBF und L4BH klassifiziert sind. Alle LKW Tanks k\u00f6nnen gef\u00e4hrliche Stoffe (ADR) transportieren.<\/p>\n<p>Unsere Unternehmensphilosophie basiert auf Sicherheit, auf kooperativen F\u00fchrungsstil und st\u00e4ndiger innovativer Anpassung an die wirtschaftliche Entwicklung. Deshalb haben wir die ISO 9001 Zertifizierung erhalten. Um Dienstleistungen mit Sicherheit auszuf\u00fchren, versuchen wir mit technologisch anspruchsvollen Fahrzeugen und professionell ausgebildeten Fahrern die technologische Entwicklung zu fordern und den Qualit\u00e4tsstandard zu halten.[\/vc_column_text][vc_row_inner][vc_column_inner offset=\u201cvc_col-lg-5 vc_col-md-12\u2033][vc_single_image image=\u201c2830\u2033 img_size=\u201cfull\u201c css=\u201c.vc_custom_1593678620817{margin-bottom: 20px !important;}\u201c][\/vc_column_inner][vc_column_inner offset=\u201cvc_col-lg-7 vc_col-md-12\u2033][vc_column_text css=\u201c.vc_custom_1496852945751{margin-bottom: 30px !important;}\u201c]Unternehmenspr\u00e4sentation und Dienstleistungen:[\/vc_column_text][vc_raw_html]JTNDZGl2JTIwc3R5bGUlM0QlMjJtYXJnaW4tdG9wJTNBLTIwcHglMjIlM0UlM0MlMkZkaXYlM0U=[\/vc_raw_html][vc_column_text css=\u201c.vc_custom_1540812701265{margin-bottom: 20px !important;}\u201c]<\/p>\n<ul class=\"feature features2\">\n<li><i class=\"fa fa-check-circle color-theme\"><\/i><a href=\"http:\/\/www.hubat.si\/de\/uber-uns\/\">\u00dcBER UNS<\/a><\/li>\n<li><i class=\"fa fa-check-circle color-theme\"><\/i><a href=\"http:\/\/www.hubat.si\/de\/karriere\/\">KARRIERE<\/a><\/li>\n<li><i class=\"fa fa-check-circle color-theme\"><\/i><a href=\"http:\/\/www.hubat.si\/de\/transport\/\">TRANSPORT<\/a><\/li>\n<li><i class=\"fa fa-check-circle color-theme\"><\/i><a href=\"http:\/\/www.hubat.si\/de\/fuhrpark\/\">FUHRPARK<\/a><\/li>\n<li><i class=\"fa fa-check-circle color-theme\"><\/i><a href=\"http:\/\/www.hubat.si\/de\/qualitat-und-umweltschutz\/\">QUALIT\u00c4T UND UMWELTSCHUTZ<\/a><\/li>\n<\/ul>\n<p>[\/vc_column_text][vc_column_text css=\u201c.vc_custom_1540812814627{margin-bottom: 30px !important;}\u201c]Als einer der Heiz\u00f6lversorger im Land mit Familientradition liefern wir lokal in der Region Osrednjeslovenska und Gorenjska. Wir verstehen, unterst\u00fctzen und bedienen das Heiz\u00f6l besser als jede andere \u00d6lgesellschaft, wann immer die Einheimischen uns brauchen.<\/p>\n<p><strong>F\u00fcr Ihren warmen Winter und Fr\u00fchling, wird Ihr Heiz\u00f6l von Hubat geliefert!<\/strong>[\/vc_column_text]\n    <a class=\"ot-btn   btn-main-color\" href=\"http:\/\/www.hubat.si\/de\/heizol\/\" target=\"_self\">HEIZ\u00d6L <i class=\"fa fa-info-circle\"><\/i><\/a>  \t\n[\/vc_column_inner][\/vc_row_inner][\/vc_column][\/vc_row]<\/p>","protected":false},"excerpt":{"rendered":"<p>[vc_row fullwidth=\u201cyes\u201c css=\u201c.vc_custom_1477026057622{padding-top: 0px !important;padding-bottom: 0px !important;}\u201c][vc_column][layerslider_vc id=\u201c5\u2033][\/vc_column][\/vc_row][vc_row css=\u201c.vc_custom_1476342544923{background-color: #f2f2f2 !important;}\u201c][vc_column][vc_custom_heading text=\u201cWillkommen\u201c font_container=\u201ctag:h3|text_align:left\u201c use_theme_fonts=\u201cyes\u201c css=\u201c.vc_custom_1539172050896{margin-bottom: 30px !important;}\u201c][vc_column_text css=\u201c.vc_custom_1547648402274{margin-bottom: 30px !important;}\u201c]Wir sind ein Transport- und Logistikunternehmen mit mehr als 25 Jahren Erfahrung. Wir bieten einen LKW Tanktransport durch ganz Europa an: haupts\u00e4chlich Nord und Mittel Europa, sowie auch in ex-Jugoslawischen L\u00e4ndern, wie Kroatien, Bosnien und Serbien. [&hellip;]<\/p>\n","protected":false},"author":1,"featured_media":0,"parent":0,"menu_order":0,"comment_status":"closed","ping_status":"closed","template":"page-templates\/template-canvas.php","meta":[],"_links":{"self":[{"href":"https:\/\/www.hubat.si\/de\/wp-json\/wp\/v2\/pages\/1265"}],"collection":[{"href":"https:\/\/www.hubat.si\/de\/wp-json\/wp\/v2\/pages"}],"about":[{"href":"https:\/\/www.hubat.si\/de\/wp-json\/wp\/v2\/types\/page"}],"author":[{"embeddable":true,"href":"https:\/\/www.hubat.si\/de\/wp-json\/wp\/v2\/users\/1"}],"replies":[{"embeddable":true,"href":"https:\/\/www.hubat.si\/de\/wp-json\/wp\/v2\/comments?post=1265"}],"version-history":[{"count":76,"href":"https:\/\/www.hubat.si\/de\/wp-json\/wp\/v2\/pages\/1265\/revisions"}],"predecessor-version":[{"id":4859,"href":"https:\/\/www.hubat.si\/de\/wp-json\/wp\/v2\/pages\/1265\/revisions\/4859"}],"wp:attachment":[{"href":"https:\/\/www.hubat.si\/de\/wp-json\/wp\/v2\/media?parent=1265"}],"curies":[{"name":"wp","href":"https:\/\/api.w.org\/{rel}","templated":true}]}}