{"id":1248,"date":"2017-02-09T10:14:22","date_gmt":"2017-02-09T10:14:22","guid":{"rendered":"http:\/\/www.hubat.si\/?page_id=1248"},"modified":"2020-04-03T10:24:42","modified_gmt":"2020-04-03T10:24:42","slug":"zaposlitev","status":"publish","type":"page","link":"https:\/\/www.hubat.si\/de\/zaposlitev\/","title":{"rendered":"Karriere"},"content":{"rendered":"<p>[vc_row][vc_column][vc_custom_heading text=&#8220;FREIE POSITIONEN F\u00dcR LOGISTIK-TALENTE&#8220; use_theme_fonts=&#8220;yes&#8220;][vc_column_text]Wenn Sie Logistikmanager, LKW \u2013 Fahrer, Mechaniker oder ein Office Mitglied werden m\u00f6chten, gibt es bei uns viele Bereiche in denen wir regelm\u00e4\u00dfig qualifizierte Mitarbeiter suchen, die uns tatkr\u00e4ftig unterst\u00fctzen.<\/p>\n<p>Sende deine Bewerbung mit dem CV an\u00a0info@hubat.si[\/vc_column_text][\/vc_column][\/vc_row]<\/p>","protected":false},"excerpt":{"rendered":"<p>[vc_row][vc_column][vc_custom_heading text=&#8220;FREIE POSITIONEN F\u00dcR LOGISTIK-TALENTE&#8220; use_theme_fonts=&#8220;yes&#8220;][vc_column_text]Wenn Sie Logistikmanager, LKW \u2013 Fahrer, Mechaniker oder ein Office Mitglied werden m\u00f6chten, gibt es bei uns viele Bereiche in denen wir regelm\u00e4\u00dfig qualifizierte Mitarbeiter suchen, die uns tatkr\u00e4ftig unterst\u00fctzen. Sende deine Bewerbung mit dem CV an\u00a0info@hubat.si[\/vc_column_text][\/vc_column][\/vc_row]<\/p>\n","protected":false},"author":1,"featured_media":0,"parent":0,"menu_order":0,"comment_status":"closed","ping_status":"closed","template":"page-templates\/template-fullwidth.php","meta":[],"_links":{"self":[{"href":"https:\/\/www.hubat.si\/de\/wp-json\/wp\/v2\/pages\/1248"}],"collection":[{"href":"https:\/\/www.hubat.si\/de\/wp-json\/wp\/v2\/pages"}],"about":[{"href":"https:\/\/www.hubat.si\/de\/wp-json\/wp\/v2\/types\/page"}],"author":[{"embeddable":true,"href":"https:\/\/www.hubat.si\/de\/wp-json\/wp\/v2\/users\/1"}],"replies":[{"embeddable":true,"href":"https:\/\/www.hubat.si\/de\/wp-json\/wp\/v2\/comments?post=1248"}],"version-history":[{"count":8,"href":"https:\/\/www.hubat.si\/de\/wp-json\/wp\/v2\/pages\/1248\/revisions"}],"predecessor-version":[{"id":2746,"href":"https:\/\/www.hubat.si\/de\/wp-json\/wp\/v2\/pages\/1248\/revisions\/2746"}],"wp:attachment":[{"href":"https:\/\/www.hubat.si\/de\/wp-json\/wp\/v2\/media?parent=1248"}],"curies":[{"name":"wp","href":"https:\/\/api.w.org\/{rel}","templated":true}]}}