{"id":1220,"date":"2017-02-03T12:42:07","date_gmt":"2017-02-03T12:42:07","guid":{"rendered":"http:\/\/www.hubat.si\/?page_id=1220"},"modified":"2023-06-13T13:00:23","modified_gmt":"2023-06-13T13:00:23","slug":"o-podjetju","status":"publish","type":"page","link":"https:\/\/www.hubat.si\/de\/o-podjetju\/","title":{"rendered":"\u00dcber uns"},"content":{"rendered":"<p>[vc_row][vc_column width=&#8220;2\/3&#8243;][vc_column_text]Wir sind ein Transport- und Logistikunternehmen mit mehr als 25 Jahren Erfahrung. Wir bieten einen LKW Tanktransport durch ganz Europa an: haupts\u00e4chlich Nord und Mittel Europa, sowie auch in ex-Jugoslawischen L\u00e4ndern, wie Kroatien, Bosnien und Serbien. Alle Fahrzeuge sind mit Tracking und Tracing ausgestattet, deswegen k\u00f6nnen die Navigationsger\u00e4te jederzeit die Position des Fahrzeuges bestimmen.[\/vc_column_text][vc_column_text]Unser Fuhrpark besteht aus\u00a0Tank Lastkraftwagen, die mit Bezeichnung LGBF und L4BH klassifiziert sind. Alle LKW Tanks k\u00f6nnen gef\u00e4hrliche Stoffe (ADR) transportieren.[\/vc_column_text][vc_empty_space][vc_single_image image=&#8220;1882&#8243; img_size=&#8220;full&#8220;][vc_empty_space][vc_column_text]Unsere Unternehmensphilosophie basiert auf Sicherheit, auf <strong>kooperativen F\u00fchrungsstil und st\u00e4ndiger innovativer Anpassung an die wirtschaftliche Entwicklung<\/strong>. Deshalb haben wir die ISO 9001 Zertifizierung erhalten. Um Dienstleistungen mit Sicherheit auszuf\u00fchren, versuchen wir mit technologisch anspruchsvollen Fahrzeugen und professionell ausgebildeten Fahrern die technologische Entwicklung zu fordern und den <strong>Qualit\u00e4tsstandard zu halten<\/strong>.[\/vc_column_text][vc_empty_space][vc_single_image image=&#8220;1894&#8243; img_size=&#8220;full&#8220;][\/vc_column][vc_column width=&#8220;1\/3&#8243;]\n\t\t    <div class=\"iconbox iconbox-set-1\">\n\t\t\t<div class=\"icon-1\">\n\t\t\t\t<i class=\"fa fa-power-off color-theme\" aria-hidden=\"true\"><\/i>\n\t\t\t<\/div>\n\t\t\t<h4 class=\"text-up\">Impressum<\/h4>\n\t\t\t<p><\/p>\n<p style=\"text-align: center;\"><strong>Hubat d.o.o.<\/strong><br \/>\nKorenova cesta 5b<br \/>\n1241 KAMNIK<br \/>\nTel.:\u00a0<strong>+386 (1) 723 09 00<\/strong><br \/>\nE-Mail:\u00a0<strong>info@hubat.si<\/strong><br \/>\nRegistrierungsnummer:\u00a0<strong>1469304<\/strong><br \/>\nHandelsregisternummer:\u00a0<strong>13265500<\/strong><br \/>\nUID-Nr.:\u00a0<strong>SI40854167<\/strong><br \/>\nTRR:\u00a0<strong>02301-0053851456<\/strong><br \/>\nIBAN:\u00a0<strong>SI56 0230 1005 3851 456<\/strong><br \/>\nGesch\u00e4ftsf\u00fchrer:\u00a0<strong>Gregor Hubat<\/strong><\/p>\n<p><\/p>\t\t\t\t\t<\/div>\n\t    \t\n[vc_empty_space][vc_raw_html]JTNDYSUyMGhyZWYlM0QlMjJodHRwcyUzQSUyRiUyRnd3dy5iaXNub2RlLnNpJTJGcHJvZHVrdGktaW4tcmVzaXR2ZSUyRmFhYSUyMiUyMHRhcmdldCUzRCUyMl9ibGFuayUyMiUzRSUzQ2ltZyUwQXNyYyUzRCUyMmh0dHBzJTNBJTJGJTJGYWFhLmJpc25vZGUuc2klMkZiYW5uZXIlMkZiYW5uZXJfYm9uaXRldG5hX29jZW5hLnBocCUzRmlkJTNEMTQ2OTMwNCUyNnR5cGUlM0QyJTI2bGFuZyUzRGVuJTIyJTIwd2lkdGglM0QlMjIzNzIlMjIlMjBoZWlnaHQlM0QlMjIxMDAlMjIlMEFib3JkZXIlM0QlMjIwJTIyJTIwJTJGJTNFJTNDJTJGYSUzRQ==[\/vc_raw_html][vc_empty_space][vc_gallery type=&#8220;flexslider_slide&#8220; interval=&#8220;5&#8243; images=&#8220;1350,1351&#8243; img_size=&#8220;363&#215;524&#8243;][\/vc_column][\/vc_row]<\/p>","protected":false},"excerpt":{"rendered":"<p>[vc_row][vc_column width=&#8220;2\/3&#8243;][vc_column_text]Wir sind ein Transport- und Logistikunternehmen mit mehr als 25 Jahren Erfahrung. Wir bieten einen LKW Tanktransport durch ganz Europa an: haupts\u00e4chlich Nord und Mittel Europa, sowie auch in ex-Jugoslawischen L\u00e4ndern, wie Kroatien, Bosnien und Serbien. Alle Fahrzeuge sind mit Tracking und Tracing ausgestattet, deswegen k\u00f6nnen die Navigationsger\u00e4te jederzeit die Position des Fahrzeuges bestimmen.[\/vc_column_text][vc_column_text]Unser [&hellip;]<\/p>\n","protected":false},"author":1,"featured_media":0,"parent":0,"menu_order":0,"comment_status":"closed","ping_status":"closed","template":"page-templates\/template-fullwidth.php","meta":[],"_links":{"self":[{"href":"https:\/\/www.hubat.si\/de\/wp-json\/wp\/v2\/pages\/1220"}],"collection":[{"href":"https:\/\/www.hubat.si\/de\/wp-json\/wp\/v2\/pages"}],"about":[{"href":"https:\/\/www.hubat.si\/de\/wp-json\/wp\/v2\/types\/page"}],"author":[{"embeddable":true,"href":"https:\/\/www.hubat.si\/de\/wp-json\/wp\/v2\/users\/1"}],"replies":[{"embeddable":true,"href":"https:\/\/www.hubat.si\/de\/wp-json\/wp\/v2\/comments?post=1220"}],"version-history":[{"count":77,"href":"https:\/\/www.hubat.si\/de\/wp-json\/wp\/v2\/pages\/1220\/revisions"}],"predecessor-version":[{"id":3492,"href":"https:\/\/www.hubat.si\/de\/wp-json\/wp\/v2\/pages\/1220\/revisions\/3492"}],"wp:attachment":[{"href":"https:\/\/www.hubat.si\/de\/wp-json\/wp\/v2\/media?parent=1220"}],"curies":[{"name":"wp","href":"https:\/\/api.w.org\/{rel}","templated":true}]}}